{"id":16183,"date":"2025-01-27T16:09:37","date_gmt":"2025-01-27T21:09:37","guid":{"rendered":"https:\/\/solutionswill.com\/produit\/sustainable-community-carbon-credit\/"},"modified":"2025-08-18T17:51:03","modified_gmt":"2025-08-18T21:51:03","slug":"sustainable-community-carbon-credit","status":"publish","type":"product","link":"https:\/\/solutionswill.com\/en\/produit\/sustainable-community-carbon-credit\/","title":{"rendered":"Sustainable Community Carbon Credits"},"content":{"rendered":"<p>[et_pb_section fb_built=&#8221;1&#8243; _builder_version=&#8221;4.16&#8243; custom_padding=&#8221;0px||||false|false&#8221; global_colors_info=&#8221;{}&#8221;][et_pb_row _builder_version=&#8221;4.16&#8243; background_size=&#8221;initial&#8221; background_position=&#8221;top_left&#8221; background_repeat=&#8221;repeat&#8221; width=&#8221;100%&#8221; custom_padding=&#8221;0px||0px||false|false&#8221; global_colors_info=&#8221;{}&#8221;][et_pb_column type=&#8221;4_4&#8243; _builder_version=&#8221;4.16&#8243; custom_padding=&#8221;|||&#8221; global_colors_info=&#8221;{}&#8221; custom_padding__hover=&#8221;|||&#8221;][et_pb_wc_breadcrumb _builder_version=&#8221;4.16&#8243; global_colors_info=&#8221;{}&#8221;][\/et_pb_wc_breadcrumb][et_pb_wc_cart_notice _builder_version=&#8221;4.16&#8243; global_colors_info=&#8221;{}&#8221;][\/et_pb_wc_cart_notice][\/et_pb_column][\/et_pb_row][et_pb_row column_structure=&#8221;1_2,1_2&#8243; _builder_version=&#8221;4.16&#8243; background_size=&#8221;initial&#8221; background_position=&#8221;top_left&#8221; background_repeat=&#8221;repeat&#8221; width=&#8221;100%&#8221; custom_padding=&#8221;0px||5px||false|false&#8221; global_colors_info=&#8221;{}&#8221;][et_pb_column type=&#8221;1_2&#8243; _builder_version=&#8221;4.16&#8243; custom_padding=&#8221;|||&#8221; global_colors_info=&#8221;{}&#8221; custom_padding__hover=&#8221;|||&#8221;][et_pb_wc_images _builder_version=&#8221;4.16&#8243; global_colors_info=&#8221;{}&#8221;][\/et_pb_wc_images][\/et_pb_column][et_pb_column type=&#8221;1_2&#8243; _builder_version=&#8221;4.16&#8243; custom_padding=&#8221;|||&#8221; global_colors_info=&#8221;{}&#8221; custom_padding__hover=&#8221;|||&#8221;][et_pb_wc_title _builder_version=&#8221;4.27.4&#8243; header_font=&#8221;|600|||||||&#8221; header_text_color=&#8221;#2A524C&#8221; header_font_size=&#8221;38px&#8221; header_line_height=&#8221;1.1em&#8221; custom_margin=&#8221;||7px|||&#8221; global_colors_info=&#8221;{}&#8221;][\/et_pb_wc_title][et_pb_wc_rating _builder_version=&#8221;4.27.4&#8243; rating_text_color=&#8221;#F04E2A&#8221; custom_margin=&#8221;0em|0em|0.6em|0em|false|false&#8221; global_colors_info=&#8221;{}&#8221;][\/et_pb_wc_rating][et_pb_wc_price _builder_version=&#8221;4.27.4&#8243; body_font=&#8221;|600|||||||&#8221; body_text_color=&#8221;#F04E2A&#8221; custom_margin=&#8221;||12px|||&#8221; global_colors_info=&#8221;{}&#8221;][\/et_pb_wc_price][et_pb_wc_description _builder_version=&#8221;4.27.4&#8243; body_text_color=&#8221;#2A524C&#8221; body_font_size=&#8221;16px&#8221; body_line_height=&#8221;1.8em&#8221; custom_margin=&#8221;||18px|||&#8221; global_colors_info=&#8221;{}&#8221;][\/et_pb_wc_description][et_pb_wc_add_to_cart _builder_version=&#8221;4.27.4&#8243; fields_focus_text_color=&#8221;#2A524C&#8221; fields_font=&#8221;|600|||||||&#8221; custom_button=&#8221;on&#8221; button_border_radius=&#8221;20px&#8221; button_font=&#8221;|600|||||||&#8221; button_icon=&#8221;&#xe07a;||divi||400&#8243; custom_margin=&#8221;||3px|||&#8221; global_colors_info=&#8221;{}&#8221; button_text_color__hover_enabled=&#8221;on|hover&#8221; button_text_color__hover=&#8221;#FFFFFF&#8221; button_bg_color__hover_enabled=&#8221;on|hover&#8221; button_bg_color__hover=&#8221;#F04E2A&#8221; button_bg_enable_color__hover=&#8221;on&#8221;][\/et_pb_wc_add_to_cart][et_pb_wc_meta _builder_version=&#8221;4.27.4&#8243; body_text_color=&#8221;#2A524C&#8221; global_colors_info=&#8221;{}&#8221;][\/et_pb_wc_meta][\/et_pb_column][\/et_pb_row][et_pb_row _builder_version=&#8221;4.16&#8243; background_size=&#8221;initial&#8221; background_position=&#8221;top_left&#8221; background_repeat=&#8221;repeat&#8221; width=&#8221;100%&#8221; global_colors_info=&#8221;{}&#8221;][et_pb_column type=&#8221;4_4&#8243; _builder_version=&#8221;4.16&#8243; custom_padding=&#8221;|||&#8221; global_colors_info=&#8221;{}&#8221; custom_padding__hover=&#8221;|||&#8221;][et_pb_wc_tabs _builder_version=&#8221;4.27.4&#8243; body_text_color=&#8221;#2A524C&#8221; body_font_size=&#8221;16px&#8221; border_radii=&#8221;on|20px|20px|20px|20px&#8221; border_width_all=&#8221;2px&#8221; border_color_all=&#8221;#AABBA9&#8243; box_shadow_style=&#8221;preset1&#8243; global_colors_info=&#8221;{}&#8221;]\t\t\t\t\t[\/et_pb_wc_tabs][et_pb_wc_upsells _builder_version=&#8221;4.16&#8243; global_colors_info=&#8221;{}&#8221;][\/et_pb_wc_upsells][et_pb_wc_related_products _builder_version=&#8221;4.27.4&#8243; title_font=&#8221;|600|||||||&#8221; title_text_color=&#8221;#2A524C&#8221; product_title_font=&#8221;|600|||||||&#8221; product_title_text_color=&#8221;#2A524C&#8221; product_title_font_size=&#8221;24px&#8221; product_title_line_height=&#8221;1.2em&#8221; price_font=&#8221;|600|||||||&#8221; price_text_color=&#8221;#2A524C&#8221; price_font_size=&#8221;16px&#8221; global_colors_info=&#8221;{}&#8221;][\/et_pb_wc_related_products][\/et_pb_column][\/et_pb_row][\/et_pb_section]<\/p>\n","protected":false},"excerpt":{"rendered":"<p><span class=\"TextRun SCXW251317463 BCX0\" lang=\"FR-FR\" xml:lang=\"FR-FR\" data-contrast=\"auto\"><span class=\"NormalTextRun SCXW251317463 BCX0\">Buy <\/span><span class=\"NormalTextRun ContextualSpellingAndGrammarErrorV2Themed SCXW251317463 BCX0\">carbon credits<\/span><span class=\"NormalTextRun SCXW251317463 BCX0\"> from local, concrete projects, based on the <strong><a href=\"https:\/\/verra.org\/methodology\/vm0018-energy-efficiency-and-solid-waste-diversion-activities-within-a-sustainable-community-v1-0\/\" target=\"_blank\" rel=\"noopener\"><span style=\"text-decoration: underline;\">VM0018 methodology<\/span><\/a><\/strong> validated by <strong><a href=\"https:\/\/verra.org\/\" target=\"_blank\" rel=\"noopener\"><span style=\"text-decoration: underline;\">VERRA<\/span><\/a><\/strong>, take part in Canada&#8217;s ecological transition.<\/span><\/span><\/p>\n<p>Choose our community-based, local, traceable and guaranteed carbon credits for high-quality carbon offsetting!<\/p>\n","protected":false},"featured_media":15934,"comment_status":"open","ping_status":"closed","template":"","meta":{"_et_pb_use_builder":"on","_et_pb_old_content":"<h3><b><span data-contrast=\"auto\">Offset your carbon footprint with Canadian carbon credits!\u00a0<\/span><\/b><\/h3>\r\nOur Canadian carbon credits come from a unique project in Quebec involving numerous<strong>\u00a0SMEs, NPOs and small municipalities<\/strong> carrying out high-impact low-carbon projects. These credits come from genuine emissions reductions at source in areas such as:\r\n\r\n<strong>\u2705 Renewable energies <\/strong>\r\n<strong>\u2705 Energy efficiency of infrastructures <\/strong>\r\n<strong>\u2705 Responsible management of residual materials<\/strong>\r\n\r\nBy choosing our Canadian source reduction carbon credits, you support industrial ecology, green innovation and infrastructure transformation. You financially contribute to these local projects and participate in a <strong>virtuous circle<\/strong> that makes climate action accessible to all.\r\n<h3><b><span data-contrast=\"auto\">Why choose Will Solutions' Canadian carbon credits?<\/span><\/b><\/h3>\r\nWill Solutions' Sustainable Community carbon credits go far beyond simple offsetting: they directly finance the decarbonization of local communities. Every ton of CO\u2082 reduced supports concrete projects that improve air quality, stimulate the circular and participative economy, create sustainable jobs, and strengthen energy independence. By preventing capital flight to international markets, they foster local green transition know-how and build lasting partnerships for a more resilient economy aligned with a low-carbon future.\r\n\r\n\u2705 <strong>Quality guarantee<\/strong>: VERRA-verified credits, zero estimates, only real reductions.\r\n<strong>\ud83c\udf0d Local impact<\/strong>: Projects carried out in Quebec, focusing on energy efficiency, renewable energies and sustainable waste management.\r\n\ud83d\udee1\ufe0f <strong>Peace of mind<\/strong>: No risks or compromises - everything is measured, verified and traceable.\r\n<strong>\ud83e\udd1d Concrete support<\/strong>: You contribute directly to local initiatives and stimulate Canada's green economy.\r\n\u23ee\ufe0f <strong>Continuity and credibility<\/strong>: Will Solutions has been a carbon expert since 2007\r\n\u26a1 <strong>Efficiency and concrete impacts<\/strong>: see below.\r\n\r\nWith each carbon credit, you participate in initiatives by local organizations such as :\r\n\r\n\u267b\ufe0f <strong>Mat\u00e9riaux Sp\u00e9cialis\u00e9s Louiseville<\/strong>: recovery of biomass residues into 100% recycled and recyclable wood fiber panels.\r\n<strong>\ud83c\udfed Recyc PHP<\/strong>:\u202fValorizes complex industrial hygiene product rejects by transforming them into reusable fibers, plastics and absorbent products.\r\n<strong>\ud83c\udfd9\ufe0f City of Prevost<\/strong>: A pioneer in environmental action, it has transformed its sewage sludge into agricultural fertilizer, thereby reducing landfill waste.\r\n<strong>\ud83c\udfd5\ufe0f Outfitter Fer \u00e0 Cheval<\/strong>: Transition from oil heating to electricity thanks to the installation of a new power line.\r\n<strong>\ud83d\udd25 Boisaco<\/strong>: Installation of a biomass kettle to reduce emissions and fossil fuel consumption.\r\n<strong>\ud83d\udd0b PG Flooring<\/strong>: Replacement of propane-powered carts with electric models, eliminating almost 100% of emissions.\r\n<strong>\ud83d\udd0d Miroirs Laurier<\/strong>: Recovery of glass residues to manufacture reflective paints, reducing energy and emissions.\r\n<h3><b><span data-contrast=\"none\">Proven results and guaranteed impact for your carbon credit purchase: <\/span><\/b><span data-ccp-props=\"{\">\u00a0<\/span><\/h3>\r\n<strong>\u2705 Dozens of participating organizations<\/strong>: SMEs, NPOs and Quebec municipalities committed to the ecological transition.\r\n<strong><b><span data-contrast=\"none\">\ud83e\udd1d <\/span><\/b>Over 10 million tonnes of CO\u2082 avoided<\/strong> thanks to emission reduction projects at source.\r\n<strong>\u267b\ufe0f Over 10 million verified carbon credits<\/strong> <strong>produced<\/strong> and available on the voluntary market.\r\n<strong>\ud83d\udcb0 More than C$2 million<\/strong> <strong>paid back<\/strong> to project developers to fund local initiatives (in 2023 alone).\r\n<strong>\ud83c\udf0d Co-benefits on 6 of the 17 SDGs<\/strong>: reducing inequalities, green innovation, sustainable development of local communities, sustainable infrastructure, responsible production, strategic partnerships.\r\n\r\n<img class=\"\" src=\"https:\/\/solutionswill.com\/wp-content\/uploads\/2025\/01\/Sustainable-Development-Goals-Banner-Carbon-Credits-co-benefits.png\" width=\"851\" height=\"144\" \/>\r\n\r\n<strong>Company description<\/strong>\r\n\r\n<strong>Will Solutions<\/strong>, a pioneer of the <strong>voluntary carbon market<\/strong> in Quebec, has been supporting organizations in their ecological transition for <strong>nearly 20 years<\/strong>. By offering integrated services for measuring, reducing and offsetting GHG emissions, the company helps its partners achieve their carbon-neutral objectives. <strong>Certified B Corp<\/strong>, Will Solutions promotes innovative local projects and guarantees tangible, verified carbon credits, while building a sustainable future with its <strong>Sustainable Community<\/strong>.\r\n\r\n<img class=\"\" src=\"https:\/\/solutionswill.com\/wp-content\/uploads\/2025\/08\/Bannieres-Logos-1.png\" width=\"860\" height=\"215\" \/>","_et_gb_content_width":""},"product_brand":[],"product_cat":[75],"product_tag":[],"class_list":{"0":"post-16183","1":"product","2":"type-product","3":"status-publish","4":"has-post-thumbnail","6":"product_cat-credits-carbone-en","8":"first","9":"instock","10":"downloadable","11":"virtual","12":"taxable","13":"purchasable","14":"product-type-simple"},"yoast_head":"<!-- This site is optimized with the Yoast SEO plugin v27.4 - https:\/\/yoast.com\/product\/yoast-seo-wordpress\/ -->\n<title>Canadian Carbon Credits | Verified, Innovative, Community-based<\/title>\n<meta name=\"description\" content=\"Offset your emissions by supporting industrial ecology projects with VERRA-verified Canadian carbon credits from the Sustainable Community.\" \/>\n<meta name=\"robots\" content=\"index, follow, max-snippet:-1, max-image-preview:large, max-video-preview:-1\" \/>\n<link rel=\"canonical\" href=\"https:\/\/solutionswill.com\/en\/produit\/sustainable-community-carbon-credit\/\" \/>\n<meta property=\"og:locale\" content=\"en_US\" \/>\n<meta property=\"og:type\" content=\"article\" \/>\n<meta property=\"og:title\" content=\"Canadian Carbon Credits | Verified, Innovative, Community-based\" \/>\n<meta property=\"og:description\" content=\"Offset your emissions by supporting industrial ecology projects with VERRA-verified Canadian carbon credits from the Sustainable Community.\" \/>\n<meta property=\"og:url\" content=\"https:\/\/solutionswill.com\/en\/produit\/sustainable-community-carbon-credit\/\" \/>\n<meta property=\"og:site_name\" content=\"Solution Will\" \/>\n<meta property=\"article:publisher\" content=\"https:\/\/www.facebook.com\/SolutionsWill\/\" \/>\n<meta property=\"article:modified_time\" content=\"2025-08-18T21:51:03+00:00\" \/>\n<meta property=\"og:image\" content=\"https:\/\/solutionswill.com\/wp-content\/uploads\/2025\/03\/Sustainable-Community-Carbon-credit-visual-9-1.webp\" \/>\n\t<meta property=\"og:image:width\" content=\"1000\" \/>\n\t<meta property=\"og:image:height\" content=\"1000\" \/>\n\t<meta property=\"og:image:type\" content=\"image\/webp\" \/>\n<meta name=\"twitter:card\" content=\"summary_large_image\" \/>\n<meta name=\"twitter:site\" content=\"@WILL_Solutions\" \/>\n<meta name=\"twitter:label1\" content=\"Est. reading time\" \/>\n\t<meta name=\"twitter:data1\" content=\"3 minutes\" \/>\n<script type=\"application\/ld+json\" class=\"yoast-schema-graph\">{\"@context\":\"https:\\\/\\\/schema.org\",\"@graph\":[{\"@type\":\"WebPage\",\"@id\":\"https:\\\/\\\/solutionswill.com\\\/en\\\/produit\\\/sustainable-community-carbon-credit\\\/\",\"url\":\"https:\\\/\\\/solutionswill.com\\\/en\\\/produit\\\/sustainable-community-carbon-credit\\\/\",\"name\":\"Canadian Carbon Credits | Verified, Innovative, Community-based\",\"isPartOf\":{\"@id\":\"https:\\\/\\\/solutionswill.com\\\/en\\\/#website\"},\"primaryImageOfPage\":{\"@id\":\"https:\\\/\\\/solutionswill.com\\\/en\\\/produit\\\/sustainable-community-carbon-credit\\\/#primaryimage\"},\"image\":{\"@id\":\"https:\\\/\\\/solutionswill.com\\\/en\\\/produit\\\/sustainable-community-carbon-credit\\\/#primaryimage\"},\"thumbnailUrl\":\"https:\\\/\\\/solutionswill.com\\\/wp-content\\\/uploads\\\/2025\\\/03\\\/Sustainable-Community-Carbon-credit-visual-9-1.webp\",\"datePublished\":\"2025-01-27T21:09:37+00:00\",\"dateModified\":\"2025-08-18T21:51:03+00:00\",\"description\":\"Offset your emissions by supporting industrial ecology projects with VERRA-verified Canadian carbon credits from the Sustainable Community.\",\"breadcrumb\":{\"@id\":\"https:\\\/\\\/solutionswill.com\\\/en\\\/produit\\\/sustainable-community-carbon-credit\\\/#breadcrumb\"},\"inLanguage\":\"en-CA\",\"potentialAction\":[{\"@type\":\"ReadAction\",\"target\":[\"https:\\\/\\\/solutionswill.com\\\/en\\\/produit\\\/sustainable-community-carbon-credit\\\/\"]}]},{\"@type\":\"ImageObject\",\"inLanguage\":\"en-CA\",\"@id\":\"https:\\\/\\\/solutionswill.com\\\/en\\\/produit\\\/sustainable-community-carbon-credit\\\/#primaryimage\",\"url\":\"https:\\\/\\\/solutionswill.com\\\/wp-content\\\/uploads\\\/2025\\\/03\\\/Sustainable-Community-Carbon-credit-visual-9-1.webp\",\"contentUrl\":\"https:\\\/\\\/solutionswill.com\\\/wp-content\\\/uploads\\\/2025\\\/03\\\/Sustainable-Community-Carbon-credit-visual-9-1.webp\",\"width\":1000,\"height\":1000},{\"@type\":\"BreadcrumbList\",\"@id\":\"https:\\\/\\\/solutionswill.com\\\/en\\\/produit\\\/sustainable-community-carbon-credit\\\/#breadcrumb\",\"itemListElement\":[{\"@type\":\"ListItem\",\"position\":1,\"name\":\"Home\",\"item\":\"https:\\\/\\\/solutionswill.com\\\/en\\\/accueil\\\/\"},{\"@type\":\"ListItem\",\"position\":2,\"name\":\"Boutique\",\"item\":\"https:\\\/\\\/solutionswill.com\\\/?page_id=16652\"},{\"@type\":\"ListItem\",\"position\":3,\"name\":\"Sustainable Community Carbon Credits\"}]},{\"@type\":\"WebSite\",\"@id\":\"https:\\\/\\\/solutionswill.com\\\/en\\\/#website\",\"url\":\"https:\\\/\\\/solutionswill.com\\\/en\\\/\",\"name\":\"Solution Will\",\"description\":\"\",\"publisher\":{\"@id\":\"https:\\\/\\\/solutionswill.com\\\/en\\\/#organization\"},\"potentialAction\":[{\"@type\":\"SearchAction\",\"target\":{\"@type\":\"EntryPoint\",\"urlTemplate\":\"https:\\\/\\\/solutionswill.com\\\/en\\\/?s={search_term_string}\"},\"query-input\":{\"@type\":\"PropertyValueSpecification\",\"valueRequired\":true,\"valueName\":\"search_term_string\"}}],\"inLanguage\":\"en-CA\"},{\"@type\":\"Organization\",\"@id\":\"https:\\\/\\\/solutionswill.com\\\/en\\\/#organization\",\"name\":\"Solutions Will\",\"url\":\"https:\\\/\\\/solutionswill.com\\\/en\\\/\",\"logo\":{\"@type\":\"ImageObject\",\"inLanguage\":\"en-CA\",\"@id\":\"https:\\\/\\\/solutionswill.com\\\/en\\\/#\\\/schema\\\/logo\\\/image\\\/\",\"url\":\"https:\\\/\\\/secureservercdn.net\\\/198.71.233.33\\\/ljr.809.myftpupload.com\\\/wp-content\\\/uploads\\\/2022\\\/05\\\/logoWillSolutions.jpg?time=1654012899\",\"contentUrl\":\"https:\\\/\\\/secureservercdn.net\\\/198.71.233.33\\\/ljr.809.myftpupload.com\\\/wp-content\\\/uploads\\\/2022\\\/05\\\/logoWillSolutions.jpg?time=1654012899\",\"width\":900,\"height\":409,\"caption\":\"Solutions Will\"},\"image\":{\"@id\":\"https:\\\/\\\/solutionswill.com\\\/en\\\/#\\\/schema\\\/logo\\\/image\\\/\"},\"sameAs\":[\"https:\\\/\\\/www.facebook.com\\\/SolutionsWill\\\/\",\"https:\\\/\\\/x.com\\\/WILL_Solutions\",\"https:\\\/\\\/www.instagram.com\\\/creditscarbone\\\/\",\"http:\\\/\\\/www.linkedin.com\\\/company\\\/will-solutions\"]}]}<\/script>\n<!-- \/ Yoast SEO plugin. -->","yoast_head_json":{"title":"Canadian Carbon Credits | Verified, Innovative, Community-based","description":"Offset your emissions by supporting industrial ecology projects with VERRA-verified Canadian carbon credits from the Sustainable Community.","robots":{"index":"index","follow":"follow","max-snippet":"max-snippet:-1","max-image-preview":"max-image-preview:large","max-video-preview":"max-video-preview:-1"},"canonical":"https:\/\/solutionswill.com\/en\/produit\/sustainable-community-carbon-credit\/","og_locale":"en_US","og_type":"article","og_title":"Canadian Carbon Credits | Verified, Innovative, Community-based","og_description":"Offset your emissions by supporting industrial ecology projects with VERRA-verified Canadian carbon credits from the Sustainable Community.","og_url":"https:\/\/solutionswill.com\/en\/produit\/sustainable-community-carbon-credit\/","og_site_name":"Solution Will","article_publisher":"https:\/\/www.facebook.com\/SolutionsWill\/","article_modified_time":"2025-08-18T21:51:03+00:00","og_image":[{"width":1000,"height":1000,"url":"https:\/\/solutionswill.com\/wp-content\/uploads\/2025\/03\/Sustainable-Community-Carbon-credit-visual-9-1.webp","type":"image\/webp"}],"twitter_card":"summary_large_image","twitter_site":"@WILL_Solutions","twitter_misc":{"Est. reading time":"3 minutes"},"schema":{"@context":"https:\/\/schema.org","@graph":[{"@type":"WebPage","@id":"https:\/\/solutionswill.com\/en\/produit\/sustainable-community-carbon-credit\/","url":"https:\/\/solutionswill.com\/en\/produit\/sustainable-community-carbon-credit\/","name":"Canadian Carbon Credits | Verified, Innovative, Community-based","isPartOf":{"@id":"https:\/\/solutionswill.com\/en\/#website"},"primaryImageOfPage":{"@id":"https:\/\/solutionswill.com\/en\/produit\/sustainable-community-carbon-credit\/#primaryimage"},"image":{"@id":"https:\/\/solutionswill.com\/en\/produit\/sustainable-community-carbon-credit\/#primaryimage"},"thumbnailUrl":"https:\/\/solutionswill.com\/wp-content\/uploads\/2025\/03\/Sustainable-Community-Carbon-credit-visual-9-1.webp","datePublished":"2025-01-27T21:09:37+00:00","dateModified":"2025-08-18T21:51:03+00:00","description":"Offset your emissions by supporting industrial ecology projects with VERRA-verified Canadian carbon credits from the Sustainable Community.","breadcrumb":{"@id":"https:\/\/solutionswill.com\/en\/produit\/sustainable-community-carbon-credit\/#breadcrumb"},"inLanguage":"en-CA","potentialAction":[{"@type":"ReadAction","target":["https:\/\/solutionswill.com\/en\/produit\/sustainable-community-carbon-credit\/"]}]},{"@type":"ImageObject","inLanguage":"en-CA","@id":"https:\/\/solutionswill.com\/en\/produit\/sustainable-community-carbon-credit\/#primaryimage","url":"https:\/\/solutionswill.com\/wp-content\/uploads\/2025\/03\/Sustainable-Community-Carbon-credit-visual-9-1.webp","contentUrl":"https:\/\/solutionswill.com\/wp-content\/uploads\/2025\/03\/Sustainable-Community-Carbon-credit-visual-9-1.webp","width":1000,"height":1000},{"@type":"BreadcrumbList","@id":"https:\/\/solutionswill.com\/en\/produit\/sustainable-community-carbon-credit\/#breadcrumb","itemListElement":[{"@type":"ListItem","position":1,"name":"Home","item":"https:\/\/solutionswill.com\/en\/accueil\/"},{"@type":"ListItem","position":2,"name":"Boutique","item":"https:\/\/solutionswill.com\/?page_id=16652"},{"@type":"ListItem","position":3,"name":"Sustainable Community Carbon Credits"}]},{"@type":"WebSite","@id":"https:\/\/solutionswill.com\/en\/#website","url":"https:\/\/solutionswill.com\/en\/","name":"Solution Will","description":"","publisher":{"@id":"https:\/\/solutionswill.com\/en\/#organization"},"potentialAction":[{"@type":"SearchAction","target":{"@type":"EntryPoint","urlTemplate":"https:\/\/solutionswill.com\/en\/?s={search_term_string}"},"query-input":{"@type":"PropertyValueSpecification","valueRequired":true,"valueName":"search_term_string"}}],"inLanguage":"en-CA"},{"@type":"Organization","@id":"https:\/\/solutionswill.com\/en\/#organization","name":"Solutions Will","url":"https:\/\/solutionswill.com\/en\/","logo":{"@type":"ImageObject","inLanguage":"en-CA","@id":"https:\/\/solutionswill.com\/en\/#\/schema\/logo\/image\/","url":"https:\/\/secureservercdn.net\/198.71.233.33\/ljr.809.myftpupload.com\/wp-content\/uploads\/2022\/05\/logoWillSolutions.jpg?time=1654012899","contentUrl":"https:\/\/secureservercdn.net\/198.71.233.33\/ljr.809.myftpupload.com\/wp-content\/uploads\/2022\/05\/logoWillSolutions.jpg?time=1654012899","width":900,"height":409,"caption":"Solutions Will"},"image":{"@id":"https:\/\/solutionswill.com\/en\/#\/schema\/logo\/image\/"},"sameAs":["https:\/\/www.facebook.com\/SolutionsWill\/","https:\/\/x.com\/WILL_Solutions","https:\/\/www.instagram.com\/creditscarbone\/","http:\/\/www.linkedin.com\/company\/will-solutions"]}]}},"_links":{"self":[{"href":"https:\/\/solutionswill.com\/en\/wp-json\/wp\/v2\/product\/16183","targetHints":{"allow":["GET"]}}],"collection":[{"href":"https:\/\/solutionswill.com\/en\/wp-json\/wp\/v2\/product"}],"about":[{"href":"https:\/\/solutionswill.com\/en\/wp-json\/wp\/v2\/types\/product"}],"replies":[{"embeddable":true,"href":"https:\/\/solutionswill.com\/en\/wp-json\/wp\/v2\/comments?post=16183"}],"wp:featuredmedia":[{"embeddable":true,"href":"https:\/\/solutionswill.com\/en\/wp-json\/wp\/v2\/media\/15934"}],"wp:attachment":[{"href":"https:\/\/solutionswill.com\/en\/wp-json\/wp\/v2\/media?parent=16183"}],"wp:term":[{"taxonomy":"product_brand","embeddable":true,"href":"https:\/\/solutionswill.com\/en\/wp-json\/wp\/v2\/product_brand?post=16183"},{"taxonomy":"product_cat","embeddable":true,"href":"https:\/\/solutionswill.com\/en\/wp-json\/wp\/v2\/product_cat?post=16183"},{"taxonomy":"product_tag","embeddable":true,"href":"https:\/\/solutionswill.com\/en\/wp-json\/wp\/v2\/product_tag?post=16183"}],"curies":[{"name":"wp","href":"https:\/\/api.w.org\/{rel}","templated":true}]}}